{"id":2,"date":"2024-10-19T17:11:47","date_gmt":"2024-10-19T15:11:47","guid":{"rendered":"http:\/\/sandraclayway.be\/?page_id=2"},"modified":"2024-10-19T17:11:47","modified_gmt":"2024-10-19T15:11:47","slug":"primjer-stranice","status":"publish","type":"page","link":"http:\/\/sandraclayway.be\/nl\/primjer-stranice\/","title":{"rendered":"Primjer stranice"},"content":{"rendered":"<p>Dit is de eerste stap. Het lezen van een blog blijkt dat het een van de belangrijkste dingen is die u kunt zien op internet (met een bepaald onderwerp). We hebben de mogelijkheid om &quot;O meni&quot; te gebruiken in de vorm van een potenti\u00eble webtitel. De belangrijkste reden is dat:<\/p>\n\n\n\n<blockquote class=\"wp-block-quote is-layout-flow wp-block-quote-is-layout-flow\"><p>Pozdrav! Als u dit soort dingen doet, kunt u een deel van de tijd in uw web-tranica vinden. Als u Vara\u017edinu speelt, zal de imam predobrog psa koji zove Floki en volim pi\u00f1a colada. (I da me ponekad ulovi ki\u0161a bez ki\u0161obrana.)<\/p><\/blockquote>\n\n\n\n<p>\u2026ili ne\u0161to poput ovoga:<\/p>\n\n\n\n<blockquote class=\"wp-block-quote is-layout-flow wp-block-quote-is-layout-flow\"><p>Tvrtka XYZ Doohickey is in 1971 verschenen. God is een van de betere kwaliteit van de jaren. Terwijl je in Gotham afstudeerde, was XYZ ongeveer 2.000 jaar oud en het was een van de meest fenomenale ontwikkelingen in Gotham.<\/p><\/blockquote>\n\n\n\n<p>Nieuwe WordPress-websites, twee opties <a href=\"http:\/\/sandraclayway.be\/wp-admin\/\">nadzornu plo\u010du<\/a> Als u een van de beste resultaten wilt zien, is er een nieuw probleem met uw verdriet. U\u017eivajte!<\/p>","protected":false},"excerpt":{"rendered":"<p>Ovo je primjer stranice. Razlikuje se od blog objave jer  [&#8230;]<\/p>\n","protected":false},"author":1,"featured_media":0,"parent":0,"menu_order":0,"comment_status":"closed","ping_status":"open","template":"","meta":{"footnotes":""},"class_list":["post-2","page","type-page","status-publish","hentry"],"yoast_head":"<!-- This site is optimized with the Yoast SEO plugin v27.4 - https:\/\/yoast.com\/product\/yoast-seo-wordpress\/ -->\r\n<title>Primjer stranice - SandraClayWay<\/title>\r\n<meta name=\"robots\" content=\"index, follow, max-snippet:-1, max-image-preview:large, max-video-preview:-1\" \/>\r\n<link rel=\"canonical\" href=\"http:\/\/sandraclayway.be\/nl\/primjer-stranice\/\" \/>\r\n<meta property=\"og:locale\" content=\"nl_BE\" \/>\r\n<meta property=\"og:type\" content=\"article\" \/>\r\n<meta property=\"og:title\" content=\"Primjer stranice - SandraClayWay\" \/>\r\n<meta property=\"og:description\" content=\"Ovo je primjer stranice. Razlikuje se od blog objave jer [...]\" \/>\r\n<meta property=\"og:url\" content=\"http:\/\/sandraclayway.be\/nl\/primjer-stranice\/\" \/>\r\n<meta property=\"og:site_name\" content=\"SandraClayWay\" \/>\r\n<meta name=\"twitter:card\" content=\"summary_large_image\" \/>\r\n<meta name=\"twitter:label1\" content=\"Geschatte leestijd\" \/>\n\t<meta name=\"twitter:data1\" content=\"1 minuut\" \/>\r\n<script type=\"application\/ld+json\" class=\"yoast-schema-graph\">{\"@context\":\"https:\\\/\\\/schema.org\",\"@graph\":[{\"@type\":\"WebPage\",\"@id\":\"http:\\\/\\\/sandraclayway.be\\\/primjer-stranice\\\/\",\"url\":\"http:\\\/\\\/sandraclayway.be\\\/primjer-stranice\\\/\",\"name\":\"Primjer stranice - SandraClayWay\",\"isPartOf\":{\"@id\":\"http:\\\/\\\/sandraclayway.be\\\/#website\"},\"datePublished\":\"2024-10-19T15:11:47+00:00\",\"breadcrumb\":{\"@id\":\"http:\\\/\\\/sandraclayway.be\\\/primjer-stranice\\\/#breadcrumb\"},\"inLanguage\":\"nl-BE\",\"potentialAction\":[{\"@type\":\"ReadAction\",\"target\":[\"http:\\\/\\\/sandraclayway.be\\\/primjer-stranice\\\/\"]}]},{\"@type\":\"BreadcrumbList\",\"@id\":\"http:\\\/\\\/sandraclayway.be\\\/primjer-stranice\\\/#breadcrumb\",\"itemListElement\":[{\"@type\":\"ListItem\",\"position\":1,\"name\":\"Home\",\"item\":\"http:\\\/\\\/sandraclayway.be\\\/nl\\\/\"},{\"@type\":\"ListItem\",\"position\":2,\"name\":\"Primjer stranice\"}]},{\"@type\":\"WebSite\",\"@id\":\"http:\\\/\\\/sandraclayway.be\\\/#website\",\"url\":\"http:\\\/\\\/sandraclayway.be\\\/\",\"name\":\"SandraClayWay\",\"description\":\"\",\"potentialAction\":[{\"@type\":\"SearchAction\",\"target\":{\"@type\":\"EntryPoint\",\"urlTemplate\":\"http:\\\/\\\/sandraclayway.be\\\/?s={search_term_string}\"},\"query-input\":{\"@type\":\"PropertyValueSpecification\",\"valueRequired\":true,\"valueName\":\"search_term_string\"}}],\"inLanguage\":\"nl-BE\"}]}<\/script>\r\n<!-- \/ Yoast SEO plugin. -->","yoast_head_json":{"title":"Primjer stranice - SandraClayWay","robots":{"index":"index","follow":"follow","max-snippet":"max-snippet:-1","max-image-preview":"max-image-preview:large","max-video-preview":"max-video-preview:-1"},"canonical":"http:\/\/sandraclayway.be\/nl\/primjer-stranice\/","og_locale":"nl_BE","og_type":"article","og_title":"Primjer stranice - SandraClayWay","og_description":"Ovo je primjer stranice. Razlikuje se od blog objave jer [...]","og_url":"http:\/\/sandraclayway.be\/nl\/primjer-stranice\/","og_site_name":"SandraClayWay","twitter_card":"summary_large_image","twitter_misc":{"Geschatte leestijd":"1 minuut"},"schema":{"@context":"https:\/\/schema.org","@graph":[{"@type":"WebPage","@id":"http:\/\/sandraclayway.be\/primjer-stranice\/","url":"http:\/\/sandraclayway.be\/primjer-stranice\/","name":"Primjer stranice - SandraClayWay","isPartOf":{"@id":"http:\/\/sandraclayway.be\/#website"},"datePublished":"2024-10-19T15:11:47+00:00","breadcrumb":{"@id":"http:\/\/sandraclayway.be\/primjer-stranice\/#breadcrumb"},"inLanguage":"nl-BE","potentialAction":[{"@type":"ReadAction","target":["http:\/\/sandraclayway.be\/primjer-stranice\/"]}]},{"@type":"BreadcrumbList","@id":"http:\/\/sandraclayway.be\/primjer-stranice\/#breadcrumb","itemListElement":[{"@type":"ListItem","position":1,"name":"Home","item":"http:\/\/sandraclayway.be\/nl\/"},{"@type":"ListItem","position":2,"name":"Primjer stranice"}]},{"@type":"WebSite","@id":"http:\/\/sandraclayway.be\/#website","url":"http:\/\/sandraclayway.be\/","name":"Sandra Clay Way","description":"","potentialAction":[{"@type":"SearchAction","target":{"@type":"EntryPoint","urlTemplate":"http:\/\/sandraclayway.be\/?s={search_term_string}"},"query-input":{"@type":"PropertyValueSpecification","valueRequired":true,"valueName":"search_term_string"}}],"inLanguage":"nl-BE"}]}},"_links":{"self":[{"href":"http:\/\/sandraclayway.be\/nl\/wp-json\/wp\/v2\/pages\/2","targetHints":{"allow":["GET"]}}],"collection":[{"href":"http:\/\/sandraclayway.be\/nl\/wp-json\/wp\/v2\/pages"}],"about":[{"href":"http:\/\/sandraclayway.be\/nl\/wp-json\/wp\/v2\/types\/page"}],"author":[{"embeddable":true,"href":"http:\/\/sandraclayway.be\/nl\/wp-json\/wp\/v2\/users\/1"}],"replies":[{"embeddable":true,"href":"http:\/\/sandraclayway.be\/nl\/wp-json\/wp\/v2\/comments?post=2"}],"version-history":[{"count":0,"href":"http:\/\/sandraclayway.be\/nl\/wp-json\/wp\/v2\/pages\/2\/revisions"}],"wp:attachment":[{"href":"http:\/\/sandraclayway.be\/nl\/wp-json\/wp\/v2\/media?parent=2"}],"curies":[{"name":"wp","href":"https:\/\/api.w.org\/{rel}","templated":true}]}}